{"id":8,"date":"2015-10-02T10:25:26","date_gmt":"2015-10-02T09:25:26","guid":{"rendered":"http:\/\/matrabelgianclub.be\/fr\/?page_id=8"},"modified":"2023-02-16T09:44:46","modified_gmt":"2023-02-16T08:44:46","slug":"responsables","status":"publish","type":"page","link":"https:\/\/matrabelgianclub.be\/fr\/responsables\/","title":{"rendered":"Responsables du Belgian Matra Club"},"content":{"rendered":"<p>[vc_row css_animation=&#8221;&#8221; row_type=&#8221;row&#8221; use_row_as_full_screen_section=&#8221;no&#8221; type=&#8221;full_width&#8221; angled_section=&#8221;no&#8221; text_align=&#8221;left&#8221; background_image_as_pattern=&#8221;without_pattern&#8221;][vc_column][vc_column_text]<\/p>\n<h1 style=\"text-align: center;\"><strong>BELGIAN\u00a0<\/strong><strong>MATRA\u00a0<\/strong><strong>CLUB<\/strong><\/h1>\n<p style=\"text-align: center;\"><strong>Club membre de la BEHVA<\/strong><\/p>\n<p style=\"text-align: center;\"><strong>CompteIBAN\u00a0: BE39 0689 0310 8019\u00a0\u00a0\u00a0\u00a0 <\/strong>BIC : GKCCBEBB<\/p>\n<p>[\/vc_column_text][vc_empty_space height=&#8221;60px&#8221;][vc_column_text]<\/p>\n<h2 style=\"text-align: center;\">Le Conseil d\u2019Administration<\/h2>\n<p>[\/vc_column_text][\/vc_column][\/vc_row][vc_row css_animation=&#8221;&#8221; row_type=&#8221;row&#8221; use_row_as_full_screen_section=&#8221;no&#8221; type=&#8221;full_width&#8221; angled_section=&#8221;no&#8221; text_align=&#8221;left&#8221; background_image_as_pattern=&#8221;without_pattern&#8221;][vc_column][vc_empty_space height=&#8221;60px&#8221;][\/vc_column][\/vc_row][vc_row css_animation=&#8221;&#8221; row_type=&#8221;row&#8221; use_row_as_full_screen_section=&#8221;no&#8221; type=&#8221;full_width&#8221; angled_section=&#8221;no&#8221; text_align=&#8221;left&#8221; background_image_as_pattern=&#8221;without_pattern&#8221;][vc_column width=&#8221;1\/3&#8243;][vc_single_image image=&#8221;246&#8243; alignment=&#8221;center&#8221; style=&#8221;vc_box_rounded&#8221; qode_css_animation=&#8221;&#8221;][vc_column_text]<\/p>\n<p style=\"text-align: center;\"><strong><u>PRESIDENT<\/u><\/strong><\/p>\n<p style=\"text-align: center;\"><strong><br \/>\nHenri GLAUDE<\/strong><\/p>\n<p style=\"text-align: center;\">rue Bontemps, 59<\/p>\n<p style=\"text-align: center;\">B-4000 LIEGE<\/p>\n<p style=\"text-align: center;\"><strong>04\/226 58 98 \u2013 0497\/87 84 59<\/strong><\/p>\n<p style=\"text-align: center;\"><a href=\"mailto:hglaude@hotmail.com\">hglaude@hotmail.com<\/a><\/p>\n<p>[\/vc_column_text][vc_empty_space height=&#8221;30px&#8221;][\/vc_column][vc_column width=&#8221;1\/3&#8243;][vc_single_image image=&#8221;72&#8243; alignment=&#8221;center&#8221; style=&#8221;vc_box_rounded&#8221; qode_css_animation=&#8221;&#8221;][vc_column_text]<\/p>\n<p style=\"text-align: center;\"><strong><u>SECRETAIRE<\/u><\/strong><\/p>\n<p style=\"text-align: center;\"><strong><br \/>\nVincent LAGUERRE\u00a0<\/strong><\/p>\n<p style=\"text-align: center;\">rue du Cimeti\u00e8re 7<\/p>\n<p style=\"text-align: center;\">L-9453\u00a0 BIVELS<\/p>\n<p style=\"text-align: center;\"><strong>+352 26870704\u00a0 \u00a0+<\/strong><strong>352 691550146<\/strong><\/p>\n<p style=\"text-align: center;\"><a href=\"mailto:vincent.laguerre@pt.lu\">vincent.laguerre@pt.lu<\/a><\/p>\n<p>[\/vc_column_text][vc_empty_space height=&#8221;30px&#8221;][\/vc_column][vc_column width=&#8221;1\/3&#8243;][vc_single_image image=&#8221;129&#8243; alignment=&#8221;center&#8221; style=&#8221;vc_box_rounded&#8221; qode_css_animation=&#8221;&#8221;][vc_column_text]<\/p>\n<p style=\"text-align: center;\"><span style=\"text-decoration: underline;\"><strong>TRESORIER<\/strong><\/span><\/p>\n<p style=\"text-align: center;\"><strong><br \/>\nSerge BINI<\/strong><\/p>\n<p style=\"text-align: center;\">Rue des Bailleries 1<\/p>\n<p style=\"text-align: center;\">B.5081\u00a0 \u00a0MEUX<\/p>\n<p style=\"text-align: center;\"><strong>0495 22 97 12<\/strong><\/p>\n<p style=\"text-align: center;\"><a href=\"mailto:serge.bini0208@gmail.com\">serge.bini0208@gmail.com<\/a><\/p>\n<p>[\/vc_column_text][vc_empty_space height=&#8221;30px&#8221;][\/vc_column][\/vc_row][vc_row css_animation=&#8221;&#8221; row_type=&#8221;row&#8221; use_row_as_full_screen_section=&#8221;no&#8221; type=&#8221;full_width&#8221; angled_section=&#8221;no&#8221; text_align=&#8221;left&#8221; background_image_as_pattern=&#8221;without_pattern&#8221;][vc_column][vc_empty_space height=&#8221;60px&#8221;][\/vc_column][\/vc_row][vc_row css_animation=&#8221;&#8221; row_type=&#8221;row&#8221; use_row_as_full_screen_section=&#8221;no&#8221; type=&#8221;full_width&#8221; angled_section=&#8221;no&#8221; text_align=&#8221;left&#8221; background_image_as_pattern=&#8221;without_pattern&#8221;][vc_column width=&#8221;1\/3&#8243;][vc_single_image image=&#8221;247&#8243; alignment=&#8221;center&#8221; style=&#8221;vc_box_rounded&#8221; qode_css_animation=&#8221;&#8221;][vc_column_text]<\/p>\n<p style=\"text-align: center;\"><span style=\"text-decoration: underline;\"><strong>ADMINISTRATEUR<\/strong><\/span><\/p>\n<p style=\"text-align: center;\"><strong><br \/>\nYves COLMANT<\/strong><\/p>\n<p style=\"text-align: center;\">Rue du Coron, 83<\/p>\n<p style=\"text-align: center;\">B-7070 VILLE-sur-HAINE<\/p>\n<p style=\"text-align: center;\"><strong>065\/87 38 02 &#8211; 0494 43 29 60<\/strong><\/p>\n<p style=\"text-align: center;\"><a href=\"mailto:paysdescanaux@gmail.com\">paysdescanaux@gmail.com<\/a><\/p>\n<p>[\/vc_column_text][vc_empty_space height=&#8221;30px&#8221;][\/vc_column][vc_column width=&#8221;1\/3&#8243;][vc_single_image image=&#8221;248&#8243; alignment=&#8221;center&#8221; style=&#8221;vc_box_rounded&#8221; qode_css_animation=&#8221;&#8221;][vc_column_text]<\/p>\n<p style=\"text-align: center;\"><span style=\"text-decoration: underline;\"><strong>ADMINISTRATEUR<\/strong><\/span><\/p>\n<p style=\"text-align: center;\"><strong><br \/>\nRapha\u00ebl MOUTON<\/strong><\/p>\n<div style=\"text-align: center;\">Chemin de Renval, 57<\/div>\n<div><\/div>\n<div style=\"text-align: center;\">B.6600 Bastogne<\/div>\n<div><\/div>\n<div style=\"text-align: center;\"><strong>061\/292953 &#8211; 0475\/394303\u00a0<\/strong><\/div>\n<div><\/div>\n<div style=\"text-align: center;\"><a href=\"mailto:raph.mouton@voo.be\">raph.mouton@hotmail.com<\/a><\/div>\n<p>[\/vc_column_text][vc_empty_space height=&#8221;30px&#8221;][\/vc_column][vc_column width=&#8221;1\/3&#8243;][vc_single_image image=&#8221;71&#8243; alignment=&#8221;center&#8221; style=&#8221;vc_box_rounded&#8221; qode_css_animation=&#8221;&#8221;][vc_column_text]<\/p>\n<p style=\"text-align: center;\"><span style=\"text-decoration: underline;\"><strong>ADMINISTRATEUR<\/strong><\/span><\/p>\n<p style=\"text-align: center;\"><strong>et Repr\u00e9sentant G-D. Luxembourg<\/strong><\/p>\n<p style=\"text-align: center;\"><strong><br \/>\nJean DENIS<\/strong><\/p>\n<p style=\"text-align: center;\">Rue des Champs, 8<\/p>\n<p style=\"text-align: center;\">L\u2013 9948 BIWISH<\/p>\n<p style=\"text-align: center;\"><strong>+352 621 751 478<\/strong><\/p>\n<p style=\"text-align: center;\"><a href=\"mailto:jeandenis47@outlook.fr\">jeandenis47@outlook.fr<\/a><\/p>\n<p>[\/vc_column_text][vc_empty_space height=&#8221;30px&#8221;][\/vc_column][\/vc_row][vc_row css_animation=&#8221;&#8221; row_type=&#8221;row&#8221; use_row_as_full_screen_section=&#8221;no&#8221; type=&#8221;full_width&#8221; angled_section=&#8221;no&#8221; text_align=&#8221;left&#8221; background_image_as_pattern=&#8221;without_pattern&#8221;][vc_column][vc_empty_space height=&#8221;60px&#8221;][vc_column_text]<\/p>\n<h2 style=\"text-align: center;\">COORDINATEUR<\/h2>\n<p>[\/vc_column_text][vc_empty_space height=&#8221;60px&#8221;][\/vc_column][\/vc_row][vc_row css_animation=&#8221;&#8221; row_type=&#8221;row&#8221; use_row_as_full_screen_section=&#8221;no&#8221; type=&#8221;full_width&#8221; angled_section=&#8221;no&#8221; text_align=&#8221;left&#8221; background_image_as_pattern=&#8221;without_pattern&#8221;][vc_column width=&#8221;1\/3&#8243;][\/vc_column][vc_column width=&#8221;1\/3&#8243;][\/vc_column][\/vc_row][vc_row css_animation=&#8221;&#8221; row_type=&#8221;row&#8221; use_row_as_full_screen_section=&#8221;no&#8221; type=&#8221;full_width&#8221; angled_section=&#8221;no&#8221; text_align=&#8221;left&#8221; background_image_as_pattern=&#8221;without_pattern&#8221;][vc_column][vc_empty_space height=&#8221;60px&#8221;][\/vc_column][\/vc_row][vc_row css_animation=&#8221;&#8221; row_type=&#8221;row&#8221; use_row_as_full_screen_section=&#8221;no&#8221; type=&#8221;full_width&#8221; angled_section=&#8221;no&#8221; text_align=&#8221;left&#8221; background_image_as_pattern=&#8221;without_pattern&#8221;][vc_column][vc_separator type=&#8221;normal&#8221; up=&#8221;30&#8243; down=&#8221;20&#8243;][vc_column_text]<strong>POUR TOUT CONTACT AVEC VOTRE CLUB:<\/strong><\/p>\n<p>N\u2019oubliez pas que nous sommes une \u00e9quipe de b\u00e9n\u00e9voles. Nous ne pouvons pas toujours \u00eatre disponibles, mais nous essaierons de rester \u00e0 votre service \u00e0 certains moments de la semaine.<\/p>\n<p>Les membres de notre ASBL et ses administrateurs ne pr\u00e9tendent pas tout savoir de l\u2019histoire, des trucs et astuces ni de l\u2019exacte v\u00e9rit\u00e9 sur la conformit\u00e9 des automobiles MATRA que nous collectionnons, entretenons et faisons rouler. Toutefois, les membres essaient bien volontiers de s\u2019entraider \u00e0 r\u00e9soudre les probl\u00e8mes et r\u00e9pondre aux questions \u00e0 propos de ces fameuses autos que nous aimons&#8230;[\/vc_column_text][vc_separator type=&#8221;normal&#8221; up=&#8221;30&#8243; down=&#8221;20&#8243;][\/vc_column][\/vc_row]<\/p>\n","protected":false},"excerpt":{"rendered":"<p>[vc_row css_animation=&#8221;&#8221; row_type=&#8221;row&#8221; use_row_as_full_screen_section=&#8221;no&#8221; type=&#8221;full_width&#8221; angled_section=&#8221;no&#8221; text_align=&#8221;left&#8221; background_image_as_pattern=&#8221;without_pattern&#8221;][vc_column][vc_column_text] BELGIAN\u00a0MATRA\u00a0CLUB Club membre de la BEHVA CompteIBAN\u00a0: BE39 0689 0310 8019\u00a0\u00a0\u00a0\u00a0 BIC : GKCCBEBB [\/vc_column_text][vc_empty_space height=&#8221;60px&#8221;][vc_column_text] Le Conseil d\u2019Administration [\/vc_column_text][\/vc_column][\/vc_row][vc_row css_animation=&#8221;&#8221; row_type=&#8221;row&#8221; use_row_as_full_screen_section=&#8221;no&#8221; type=&#8221;full_width&#8221; angled_section=&#8221;no&#8221; text_align=&#8221;left&#8221; background_image_as_pattern=&#8221;without_pattern&#8221;][vc_column][vc_empty_space height=&#8221;60px&#8221;][\/vc_column][\/vc_row][vc_row css_animation=&#8221;&#8221; row_type=&#8221;row&#8221; use_row_as_full_screen_section=&#8221;no&#8221; type=&#8221;full_width&#8221; angled_section=&#8221;no&#8221; text_align=&#8221;left&#8221; background_image_as_pattern=&#8221;without_pattern&#8221;][vc_column width=&#8221;1\/3&#8243;][vc_single_image image=&#8221;246&#8243;&#8230;<\/p>\n","protected":false},"author":1,"featured_media":0,"parent":0,"menu_order":0,"comment_status":"closed","ping_status":"closed","template":"","meta":[],"_links":{"self":[{"href":"https:\/\/matrabelgianclub.be\/fr\/wp-json\/wp\/v2\/pages\/8"}],"collection":[{"href":"https:\/\/matrabelgianclub.be\/fr\/wp-json\/wp\/v2\/pages"}],"about":[{"href":"https:\/\/matrabelgianclub.be\/fr\/wp-json\/wp\/v2\/types\/page"}],"author":[{"embeddable":true,"href":"https:\/\/matrabelgianclub.be\/fr\/wp-json\/wp\/v2\/users\/1"}],"replies":[{"embeddable":true,"href":"https:\/\/matrabelgianclub.be\/fr\/wp-json\/wp\/v2\/comments?post=8"}],"version-history":[{"count":40,"href":"https:\/\/matrabelgianclub.be\/fr\/wp-json\/wp\/v2\/pages\/8\/revisions"}],"predecessor-version":[{"id":262,"href":"https:\/\/matrabelgianclub.be\/fr\/wp-json\/wp\/v2\/pages\/8\/revisions\/262"}],"wp:attachment":[{"href":"https:\/\/matrabelgianclub.be\/fr\/wp-json\/wp\/v2\/media?parent=8"}],"curies":[{"name":"wp","href":"https:\/\/api.w.org\/{rel}","templated":true}]}}