{"id":4,"date":"2015-10-02T09:51:45","date_gmt":"2015-10-02T08:51:45","guid":{"rendered":"http:\/\/matrabelgianclub.be\/fr\/?page_id=4"},"modified":"2015-10-08T09:29:07","modified_gmt":"2015-10-08T08:29:07","slug":"presentation","status":"publish","type":"page","link":"https:\/\/matrabelgianclub.be\/fr\/presentation\/","title":{"rendered":"Belgian Matra Club"},"content":{"rendered":"<p>[vc_row row_type=&#8221;row&#8221; use_row_as_full_screen_section=&#8221;no&#8221; type=&#8221;full_width&#8221; angled_section=&#8221;no&#8221; text_align=&#8221;left&#8221; background_image_as_pattern=&#8221;without_pattern&#8221; css_animation=&#8221;&#8221;][vc_column width=&#8221;1\/6&#8243;][vc_single_image image=&#8221;68&#8243; img_size=&#8221;full&#8221; qode_css_animation=&#8221;&#8221;][\/vc_column][vc_column width=&#8221;5\/6&#8243;][vc_column_text]Le <strong>Belgian MATRA\u00a0Club<\/strong> est une ASBL cr\u00e9\u00e9e le 3 janvier 1987 et affili\u00e9e \u00e0 l&#8217;ASBL F\u00e9d\u00e9ration belge des v\u00e9hicules anciens.<\/p>\n<p>&nbsp;<\/p>\n<p><strong>Qui sommes-nous ? <\/strong><\/p>\n<p>Ce que vous \u00eates sans doute: des passionn\u00e9s de voitures construites par &#8220;MATRA automobile&#8221;, collectionneurs ind\u00e9pendants ou membres de clubs, qui se rassemblent parfois pour rouler, participer \u00e0 des rallyes ou \u00e0 des expositions.<\/p>\n<p>Nous souhaitons \u00e9tablir un r\u00e9seau de relations -international et f\u00e9d\u00e9rateur, au-del\u00e0 des r\u00e9gions et des fronti\u00e8res- pour enrichir nos connaissances, trucs, astuces, adresses ainsi que r\u00e9pertorier les pi\u00e8ces de rechange que recherchent les heureux possesseurs de <strong>MATRA<\/strong>.<\/p>\n<p>&nbsp;<\/p>\n<p>Vous avez des pi\u00e8ces en trop, \u00e0 vendre ou \u00e9changer, vous en recherchez au contraire ou souhaitez simplement donner ou recueillir des renseignements, de la documentation..? Tous, absolument tous, les v\u00e9hicules construits par MATRA nous int\u00e9ressent: qu&#8217;ils soient restaur\u00e9s selon les normes d&#8217;origine ou personnalis\u00e9s selon des crit\u00e8res qui vous sont propres et que nous respectons (pr\u00e9paration comp\u00e9tition, design personnel, recherches techniques, etc&#8230;)[\/vc_column_text][\/vc_column][\/vc_row]<\/p>\n","protected":false},"excerpt":{"rendered":"<p>[vc_row row_type=&#8221;row&#8221; use_row_as_full_screen_section=&#8221;no&#8221; type=&#8221;full_width&#8221; angled_section=&#8221;no&#8221; text_align=&#8221;left&#8221; background_image_as_pattern=&#8221;without_pattern&#8221; css_animation=&#8221;&#8221;][vc_column width=&#8221;1\/6&#8243;][vc_single_image image=&#8221;68&#8243; img_size=&#8221;full&#8221; qode_css_animation=&#8221;&#8221;][\/vc_column][vc_column width=&#8221;5\/6&#8243;][vc_column_text]Le Belgian MATRA\u00a0Club est une ASBL cr\u00e9\u00e9e le 3 janvier 1987 et affili\u00e9e \u00e0 l&#8217;ASBL F\u00e9d\u00e9ration belge des v\u00e9hicules anciens. &nbsp; Qui sommes-nous ? Ce que vous \u00eates sans doute: des passionn\u00e9s de&#8230;<\/p>\n","protected":false},"author":1,"featured_media":0,"parent":0,"menu_order":0,"comment_status":"closed","ping_status":"closed","template":"","meta":[],"_links":{"self":[{"href":"https:\/\/matrabelgianclub.be\/fr\/wp-json\/wp\/v2\/pages\/4"}],"collection":[{"href":"https:\/\/matrabelgianclub.be\/fr\/wp-json\/wp\/v2\/pages"}],"about":[{"href":"https:\/\/matrabelgianclub.be\/fr\/wp-json\/wp\/v2\/types\/page"}],"author":[{"embeddable":true,"href":"https:\/\/matrabelgianclub.be\/fr\/wp-json\/wp\/v2\/users\/1"}],"replies":[{"embeddable":true,"href":"https:\/\/matrabelgianclub.be\/fr\/wp-json\/wp\/v2\/comments?post=4"}],"version-history":[{"count":8,"href":"https:\/\/matrabelgianclub.be\/fr\/wp-json\/wp\/v2\/pages\/4\/revisions"}],"predecessor-version":[{"id":78,"href":"https:\/\/matrabelgianclub.be\/fr\/wp-json\/wp\/v2\/pages\/4\/revisions\/78"}],"wp:attachment":[{"href":"https:\/\/matrabelgianclub.be\/fr\/wp-json\/wp\/v2\/media?parent=4"}],"curies":[{"name":"wp","href":"https:\/\/api.w.org\/{rel}","templated":true}]}}