{"id":18,"date":"2015-10-02T10:38:30","date_gmt":"2015-10-02T09:38:30","guid":{"rendered":"http:\/\/matrabelgianclub.be\/fr\/?page_id=18"},"modified":"2018-02-12T09:09:11","modified_gmt":"2018-02-12T08:09:11","slug":"accueil","status":"publish","type":"page","link":"https:\/\/matrabelgianclub.be\/fr\/","title":{"rendered":"Site officiel du Belgian MATRA Club"},"content":{"rendered":"<p>[vc_row row_type=&#8221;row&#8221; use_row_as_full_screen_section=&#8221;no&#8221; type=&#8221;full_width&#8221; angled_section=&#8221;no&#8221; text_align=&#8221;left&#8221; background_image_as_pattern=&#8221;without_pattern&#8221; css_animation=&#8221;&#8221;][vc_column][vc_column_text]<\/p>\n<p>Le <strong>Belgian MATRA Club<\/strong> est une ASBL cr\u00e9\u00e9e le 3 janvier 1987 et affili\u00e9e \u00e0 l\u2019ASBL F\u00e9d\u00e9ration belge des v\u00e9hicules anciens.<\/p>\n<p>Nous sommes des passionn\u00e9s de voitures construites par <strong>\u00abMATRA automobile\u00bb<\/strong>, collectionneurs ind\u00e9pendants ou membres de clubs, qui se rassemblent parfois pour rouler, participer \u00e0 des rallyes ou \u00e0 des expositions.<\/p>\n<p>Nous souhaitons \u00e9tablir un r\u00e9seau de relations -international et f\u00e9d\u00e9rateur, au-del\u00e0 des r\u00e9gions et des fronti\u00e8res- pour enrichir nos connaissances, trucs, astuces, adresses ainsi que r\u00e9pertorier les pi\u00e8ces de rechange que recherchent les heureux possesseurs de <strong>MATRA<\/strong>.[\/vc_column_text][vc_separator type=&#8221;normal&#8221; color=&#8221;#1e73be&#8221; up=&#8221;10&#8243; down=&#8221;10&#8243;][vc_row_inner row_type=&#8221;row&#8221; type=&#8221;full_width&#8221; text_align=&#8221;left&#8221; css_animation=&#8221;&#8221;][vc_column_inner width=&#8221;1\/3&#8243;][vc_column_text css=&#8221;.vc_custom_1447612579444{border-bottom-width: 10px !important;padding-bottom: 10px !important;}&#8221;]<\/p>\n<h2 style=\"text-align: center;\">Pr\u00e9sentation<\/h2>\n<p>[\/vc_column_text][vc_single_image image=&#8221;58&#8243; img_size=&#8221;medium&#8221; alignment=&#8221;center&#8221; style=&#8221;vc_box_rounded&#8221; qode_css_animation=&#8221;&#8221; link=&#8221;http:\/\/matrabelgianclub.be\/fr\/presentation\/&#8221;][\/vc_column_inner][vc_column_inner width=&#8221;1\/3&#8243;][vc_column_text css=&#8221;.vc_custom_1447612584442{border-bottom-width: 10px !important;padding-bottom: 10px !important;}&#8221;]<\/p>\n<h2 style=\"text-align: center;\">Responsables<\/h2>\n<p>[\/vc_column_text][vc_single_image image=&#8221;59&#8243; img_size=&#8221;medium&#8221; alignment=&#8221;center&#8221; style=&#8221;vc_box_rounded&#8221; qode_css_animation=&#8221;&#8221; link=&#8221;http:\/\/matrabelgianclub.be\/fr\/responsables\/&#8221;][\/vc_column_inner][vc_column_inner width=&#8221;1\/3&#8243;][vc_column_text css=&#8221;.vc_custom_1447612590412{border-bottom-width: 10px !important;padding-bottom: 10px !important;}&#8221;]<\/p>\n<h2 style=\"text-align: center;\">Sorties<\/h2>\n<p>[\/vc_column_text][vc_single_image image=&#8221;60&#8243; img_size=&#8221;medium&#8221; alignment=&#8221;center&#8221; style=&#8221;vc_box_rounded&#8221; qode_css_animation=&#8221;&#8221; link=&#8221;http:\/\/matrabelgianclub.be\/fr\/sorties\/&#8221;][\/vc_column_inner][\/vc_row_inner][\/vc_column][\/vc_row][vc_row row_type=&#8221;row&#8221; use_row_as_full_screen_section=&#8221;no&#8221; type=&#8221;full_width&#8221; angled_section=&#8221;no&#8221; text_align=&#8221;left&#8221; background_image_as_pattern=&#8221;without_pattern&#8221; css_animation=&#8221;&#8221;][vc_column][vc_separator type=&#8221;normal&#8221; up=&#8221;20&#8243; down=&#8221;20&#8243;][\/vc_column][\/vc_row]<\/p>\n","protected":false},"excerpt":{"rendered":"<p>[vc_row row_type=&#8221;row&#8221; use_row_as_full_screen_section=&#8221;no&#8221; type=&#8221;full_width&#8221; angled_section=&#8221;no&#8221; text_align=&#8221;left&#8221; background_image_as_pattern=&#8221;without_pattern&#8221; css_animation=&#8221;&#8221;][vc_column][vc_column_text] Le Belgian MATRA Club est une ASBL cr\u00e9\u00e9e le 3 janvier 1987 et affili\u00e9e \u00e0 l\u2019ASBL F\u00e9d\u00e9ration belge des v\u00e9hicules anciens. Nous sommes des passionn\u00e9s de voitures construites par \u00abMATRA automobile\u00bb, collectionneurs ind\u00e9pendants ou membres de clubs,&#8230;<\/p>\n","protected":false},"author":1,"featured_media":0,"parent":0,"menu_order":0,"comment_status":"closed","ping_status":"closed","template":"","meta":[],"_links":{"self":[{"href":"https:\/\/matrabelgianclub.be\/fr\/wp-json\/wp\/v2\/pages\/18"}],"collection":[{"href":"https:\/\/matrabelgianclub.be\/fr\/wp-json\/wp\/v2\/pages"}],"about":[{"href":"https:\/\/matrabelgianclub.be\/fr\/wp-json\/wp\/v2\/types\/page"}],"author":[{"embeddable":true,"href":"https:\/\/matrabelgianclub.be\/fr\/wp-json\/wp\/v2\/users\/1"}],"replies":[{"embeddable":true,"href":"https:\/\/matrabelgianclub.be\/fr\/wp-json\/wp\/v2\/comments?post=18"}],"version-history":[{"count":25,"href":"https:\/\/matrabelgianclub.be\/fr\/wp-json\/wp\/v2\/pages\/18\/revisions"}],"predecessor-version":[{"id":193,"href":"https:\/\/matrabelgianclub.be\/fr\/wp-json\/wp\/v2\/pages\/18\/revisions\/193"}],"wp:attachment":[{"href":"https:\/\/matrabelgianclub.be\/fr\/wp-json\/wp\/v2\/media?parent=18"}],"curies":[{"name":"wp","href":"https:\/\/api.w.org\/{rel}","templated":true}]}}