{"id":140,"date":"2015-12-13T20:40:17","date_gmt":"2015-12-13T19:40:17","guid":{"rendered":"http:\/\/matrabelgianclub.be\/fr\/?page_id=140"},"modified":"2015-12-13T20:41:41","modified_gmt":"2015-12-13T19:41:41","slug":"news","status":"publish","type":"page","link":"https:\/\/matrabelgianclub.be\/fr\/news\/","title":{"rendered":"News"},"content":{"rendered":"<h2>Eco-vignette Allemagne<\/h2>\n<p>Pour aller \u00e0 Aix-la-Chapelle (comme dans la plupart des grandes villes allemandes) vous devez apposer sur votre voiture une \u00e9co-vignette depuis le 1er d\u00e9cembre\u00a0(report\u00e9 au 1er f\u00e9vrier 2016 pour AIX en raison du march\u00e9 de No\u00ebl).<\/p>\n<p>Celle-ci est en vente :<\/p>\n<ul>\n<li>en Allemagne au pris de 5,50 \u20ac aupr\u00e8s du T\u00dcV (auto s\u00e9curit\u00e9 allemande) Hubert-Wienenstrasse 36 \u00e0 52070 Aachen (pr\u00e8s du Tivoli)<\/li>\n<li>par contre bien plus cher via Touring, (14 \u20ac + 5,85 \u20ac) ou<\/li>\n<li>via un site sp\u00e9cialis\u00e9 dans la vente de vignettes routi\u00e8res ou autorouti\u00e8res en Europe (29,90 \u20ac).<\/li>\n<\/ul>\n<p>A d\u00e9faut, vous aurez droit \u00e0 une amende de 80 \u20ac.<\/p>\n<p>&nbsp;<\/p>\n<p>Diffuser l&#8217;information le plus possible (voir aussi dans le moniteur automobile ou sur le site de Touring Secours)<\/p>\n<p>&nbsp;<\/p>\n<p>On peut aussi obtenir cette vignette \u00e0 l&#8217;adresse ci-dessous pour 6,90\u20ac.<br \/>\nApr\u00e8s la fronti\u00e8re sortir \u00e0 Brandt,prendre \u00e0 gauche et apr\u00e8s \u00eatre pass\u00e9 sous le pont de l&#8217;autoroute directement \u00e0 droite. ATU se trouve en face du magasin de bricolage OBI.<\/p>\n<p><strong>A.T.U Aachen &#8211; Brand<\/strong><br \/>\nDebyestra\u00dfe 35<br \/>\n52078 Aachen<br \/>\nTelefon:<br \/>\n0241\/5659936<br \/>\n\u00d6ffnungszeiten:<br \/>\nMo-Fr 07:30-19:00 Uhr<br \/>\nSa 08:00-16:00 Uhr<\/p>\n","protected":false},"excerpt":{"rendered":"<p>Eco-vignette Allemagne Pour aller \u00e0 Aix-la-Chapelle (comme dans la plupart des grandes villes allemandes) vous devez apposer sur votre voiture une \u00e9co-vignette depuis le 1er d\u00e9cembre\u00a0(report\u00e9 au 1er f\u00e9vrier 2016 pour AIX en raison du march\u00e9 de No\u00ebl). Celle-ci est en vente : en Allemagne&#8230;<\/p>\n","protected":false},"author":1,"featured_media":0,"parent":0,"menu_order":0,"comment_status":"closed","ping_status":"closed","template":"","meta":[],"_links":{"self":[{"href":"https:\/\/matrabelgianclub.be\/fr\/wp-json\/wp\/v2\/pages\/140"}],"collection":[{"href":"https:\/\/matrabelgianclub.be\/fr\/wp-json\/wp\/v2\/pages"}],"about":[{"href":"https:\/\/matrabelgianclub.be\/fr\/wp-json\/wp\/v2\/types\/page"}],"author":[{"embeddable":true,"href":"https:\/\/matrabelgianclub.be\/fr\/wp-json\/wp\/v2\/users\/1"}],"replies":[{"embeddable":true,"href":"https:\/\/matrabelgianclub.be\/fr\/wp-json\/wp\/v2\/comments?post=140"}],"version-history":[{"count":3,"href":"https:\/\/matrabelgianclub.be\/fr\/wp-json\/wp\/v2\/pages\/140\/revisions"}],"predecessor-version":[{"id":143,"href":"https:\/\/matrabelgianclub.be\/fr\/wp-json\/wp\/v2\/pages\/140\/revisions\/143"}],"wp:attachment":[{"href":"https:\/\/matrabelgianclub.be\/fr\/wp-json\/wp\/v2\/media?parent=140"}],"curies":[{"name":"wp","href":"https:\/\/api.w.org\/{rel}","templated":true}]}}