{"id":14,"date":"2015-10-02T10:26:57","date_gmt":"2015-10-02T09:26:57","guid":{"rendered":"http:\/\/matrabelgianclub.be\/fr\/?page_id=14"},"modified":"2015-10-11T18:29:28","modified_gmt":"2015-10-11T17:29:28","slug":"voitures","status":"publish","type":"page","link":"https:\/\/matrabelgianclub.be\/fr\/voitures\/","title":{"rendered":"Voitures"},"content":{"rendered":"<p>[vc_row row_type=&#8221;row&#8221; use_row_as_full_screen_section=&#8221;no&#8221; type=&#8221;full_width&#8221; angled_section=&#8221;no&#8221; text_align=&#8221;left&#8221; background_image_as_pattern=&#8221;without_pattern&#8221; css_animation=&#8221;&#8221;][vc_column width=&#8221;1\/4&#8243;][vc_single_image image=&#8221;104&#8243; img_size=&#8221;medium&#8221; alignment=&#8221;right&#8221; style=&#8221;vc_box_rounded&#8221; qode_css_animation=&#8221;&#8221;][\/vc_column][vc_column width=&#8221;3\/4&#8243;][vc_column_text]<\/p>\n<h2>Un petit peu de nostalgie<\/h2>\n<p><a href=\"http:\/\/matrabelgianclub.be\/fr\/wp-content\/uploads\/2015\/10\/m1.png\"><br \/>\n<\/a>Sp\u00e9cialis\u00e9 dans le monde de l\u2019armement, la firme <strong>MATRA<\/strong> s\u2019int\u00e9ressera \u00e0 l\u2019automobile en 1964, au moment de la disparition du dernier constructeur fran\u00e7ais de prestige, Facel VEGA. Dirig\u00e9e par un passionn\u00e9 d\u2019automobile, Jean-Luc LAGARDERE, MATRA racheta la petite firme Ren\u00e9 BONNET qui produisait \u00e0 faibles cadences de petites voitures de sport \u00e0 carrosserie plastique, rivales des ALPINES RENAULT, dans une petite usine situ\u00e9e \u00e0 ROMORANTIN.[\/vc_column_text][\/vc_column][\/vc_row][vc_row row_type=&#8221;row&#8221; use_row_as_full_screen_section=&#8221;no&#8221; type=&#8221;full_width&#8221; angled_section=&#8221;no&#8221; text_align=&#8221;left&#8221; background_image_as_pattern=&#8221;without_pattern&#8221; css_animation=&#8221;&#8221;][vc_column][vc_separator type=&#8221;normal&#8221; up=&#8221;10&#8243; down=&#8221;10&#8243;][\/vc_column][\/vc_row][vc_row row_type=&#8221;row&#8221; use_row_as_full_screen_section=&#8221;no&#8221; type=&#8221;full_width&#8221; angled_section=&#8221;no&#8221; text_align=&#8221;left&#8221; background_image_as_pattern=&#8221;without_pattern&#8221; css_animation=&#8221;&#8221;][vc_column width=&#8221;1\/4&#8243;][vc_single_image image=&#8221;103&#8243; img_size=&#8221;medium&#8221; alignment=&#8221;right&#8221; style=&#8221;vc_box_rounded&#8221; qode_css_animation=&#8221;&#8221;][\/vc_column][vc_column width=&#8221;3\/4&#8243;][vc_column_text]<\/p>\n<p>Ces voitures, rebaptis\u00e9es <strong>MATRA JET<\/strong>, puis DJET, furent produites en petites quantit\u00e9s de 1964 \u00e0 1967, pendant que la firme de ROMORANTIN travaillait sur un nouveau type de coup\u00e9 \u00e0 moteur central, toit amovible en deux parties, phares r\u00e9tractables et carrosserie plastique comme les JET. Cette voiture naquit en 1967, et fut baptis\u00e9e 530, reprenant le nom d\u2019un missile MATRA. La MATRA 530, qui \u00e9tait munie d\u2019un moteur FORD, fut produite \u00e0 10.000 exemplaires de 1967 \u00e0 1973.<\/p>\n<p>[\/vc_column_text][\/vc_column][\/vc_row][vc_row row_type=&#8221;row&#8221; use_row_as_full_screen_section=&#8221;no&#8221; type=&#8221;full_width&#8221; angled_section=&#8221;no&#8221; text_align=&#8221;left&#8221; background_image_as_pattern=&#8221;without_pattern&#8221; css_animation=&#8221;&#8221;][vc_column][vc_separator type=&#8221;normal&#8221; up=&#8221;10&#8243; down=&#8221;10&#8243;][\/vc_column][\/vc_row][vc_row row_type=&#8221;row&#8221; use_row_as_full_screen_section=&#8221;no&#8221; type=&#8221;full_width&#8221; angled_section=&#8221;no&#8221; text_align=&#8221;left&#8221; background_image_as_pattern=&#8221;without_pattern&#8221; css_animation=&#8221;&#8221;][vc_column width=&#8221;1\/4&#8243;][vc_single_image image=&#8221;102&#8243; img_size=&#8221;medium&#8221; alignment=&#8221;right&#8221; style=&#8221;vc_box_rounded&#8221; qode_css_animation=&#8221;&#8221;][\/vc_column][vc_column width=&#8221;3\/4&#8243;][vc_column_text]En 1970, la firme MATRA s\u2019associa avec la firme SIMCA dans le but de distribuer son coup\u00e9 <strong>530<\/strong> dans le r\u00e9seau SIMCA. En contrepartie, SIMCA s\u2019engageait \u00e0 fournir plate-forme et moteur pour la rempla\u00e7ante de la 530. Egalement, le nom de SIMCA, s\u2019ajouterait au nom de MATRA, sur la carrosserie de cette future voiture et sur les voitures de comp\u00e9tition que la firme de ROMORANTIN construisait et faisait courir sur tous les circuits. Les MATRA SIMCA allaient remporter notamment trois victoires au 24 heures du MANS en 1972, 1973 et 1974<br \/>\n[\/vc_column_text][\/vc_column][\/vc_row][vc_row row_type=&#8221;row&#8221; use_row_as_full_screen_section=&#8221;no&#8221; type=&#8221;full_width&#8221; angled_section=&#8221;no&#8221; text_align=&#8221;left&#8221; background_image_as_pattern=&#8221;without_pattern&#8221; css_animation=&#8221;&#8221;][vc_column][vc_separator type=&#8221;normal&#8221; up=&#8221;10&#8243; down=&#8221;10&#8243;][\/vc_column][\/vc_row][vc_row row_type=&#8221;row&#8221; use_row_as_full_screen_section=&#8221;no&#8221; type=&#8221;full_width&#8221; angled_section=&#8221;no&#8221; text_align=&#8221;left&#8221; background_image_as_pattern=&#8221;without_pattern&#8221; css_animation=&#8221;&#8221;][vc_column width=&#8221;1\/4&#8243;][vc_single_image image=&#8221;101&#8243; img_size=&#8221;medium&#8221; alignment=&#8221;right&#8221; style=&#8221;vc_box_rounded&#8221; qode_css_animation=&#8221;&#8221;][\/vc_column][vc_column width=&#8221;3\/4&#8243;][vc_column_text]Ces victoires allaient favoriser le succ\u00e8s de la nouvelle <strong>MATRA SIMCA BAGHEERA<\/strong> lanc\u00e9e en 1973, un nouveau coup\u00e9 \u00e0 carrosserie monocoque en t\u00f4le d\u2019acier soud\u00e9es et rev\u00eatement en polyester, \u00e0 trois places de front, et dont le moteur plac\u00e9 au centre provenait cette fois de la SIMCA 1000. La MATRA SIMCA BAGHEERA, distribu\u00e9e dans le r\u00e9seau SIMCA CHRISLER, fut produite \u00e0 50.000 exemplaires de 1973 \u00e0 1980;<br \/>\n[\/vc_column_text][\/vc_column][\/vc_row][vc_row row_type=&#8221;row&#8221; use_row_as_full_screen_section=&#8221;no&#8221; type=&#8221;full_width&#8221; angled_section=&#8221;no&#8221; text_align=&#8221;left&#8221; background_image_as_pattern=&#8221;without_pattern&#8221; css_animation=&#8221;&#8221;][vc_column][vc_separator type=&#8221;normal&#8221; up=&#8221;10&#8243; down=&#8221;10&#8243;][\/vc_column][\/vc_row][vc_row row_type=&#8221;row&#8221; use_row_as_full_screen_section=&#8221;no&#8221; type=&#8221;full_width&#8221; angled_section=&#8221;no&#8221; text_align=&#8221;left&#8221; background_image_as_pattern=&#8221;without_pattern&#8221; css_animation=&#8221;&#8221;][vc_column width=&#8221;1\/4&#8243;][vc_single_image image=&#8221;100&#8243; img_size=&#8221;medium&#8221; alignment=&#8221;right&#8221; style=&#8221;vc_box_rounded&#8221; qode_css_animation=&#8221;&#8221;][\/vc_column][vc_column width=&#8221;3\/4&#8243;][vc_column_text]1980, date \u00e0 laquelle elle fut remplac\u00e9e par la <strong>MURENA<\/strong>, qui en reprenait le principe, mais eut un succ\u00e8s plus \u00e9ph\u00e9m\u00e8re, avec 10.000 exemplaires seulement de 1980 \u00e0 1984, en partie \u00e0 cause de l\u2019effondrement de la firme TALBOT SIMCA cr\u00e9\u00e9e en 1979 pour remplacer SIMCA CHRISLER<br \/>\n[\/vc_column_text][\/vc_column][\/vc_row][vc_row row_type=&#8221;row&#8221; use_row_as_full_screen_section=&#8221;no&#8221; type=&#8221;full_width&#8221; angled_section=&#8221;no&#8221; text_align=&#8221;left&#8221; background_image_as_pattern=&#8221;without_pattern&#8221; css_animation=&#8221;&#8221;][vc_column][vc_separator type=&#8221;normal&#8221; up=&#8221;10&#8243; down=&#8221;10&#8243;][\/vc_column][\/vc_row][vc_row row_type=&#8221;row&#8221; use_row_as_full_screen_section=&#8221;no&#8221; type=&#8221;full_width&#8221; angled_section=&#8221;no&#8221; text_align=&#8221;left&#8221; background_image_as_pattern=&#8221;without_pattern&#8221; css_animation=&#8221;&#8221;][vc_column width=&#8221;1\/4&#8243;][vc_single_image image=&#8221;99&#8243; img_size=&#8221;medium&#8221; alignment=&#8221;right&#8221; style=&#8221;vc_box_rounded&#8221; qode_css_animation=&#8221;&#8221;][\/vc_column][vc_column width=&#8221;3\/4&#8243;][vc_column_text]En 1977, MATRA lan\u00e7a un nouveau concept de v\u00e9hicules de loisirs, la <strong>RANCHO<\/strong>, qui reprenait sous une carrosserie plastiques les lignes d\u2019un break SIMCA 1100 au toit sur\u00e9lev\u00e9 ; Ce v\u00e9hicule, distribu\u00e9 dans le r\u00e9seau SIMCA CHRISLER, puis TALBOT SIMCA, fut produit de 1977 \u00e0 1984 \u00e0 50.000 exemplaires. Ce v\u00e9hicule bien accueilli par la client\u00e8le, poussa les techniciens MATRA \u00e0 aller plus loin dans ce sens, et concevoir un v\u00e9hicule de loisirs, toujours aussi l\u00e9ger, permettant une modularit\u00e9 de son habitacle, sur surface au sol la plus r\u00e9duite possible. Optimiser l\u2019espace habitable imposait une ligne de carrosserie monocorps. Le concept du monospace \u00e9tait n\u00e9.<br \/>\n[\/vc_column_text][\/vc_column][\/vc_row][vc_row row_type=&#8221;row&#8221; use_row_as_full_screen_section=&#8221;no&#8221; type=&#8221;full_width&#8221; angled_section=&#8221;no&#8221; text_align=&#8221;left&#8221; background_image_as_pattern=&#8221;without_pattern&#8221; css_animation=&#8221;&#8221;][vc_column][vc_separator type=&#8221;normal&#8221; up=&#8221;10&#8243; down=&#8221;10&#8243;][\/vc_column][\/vc_row][vc_row row_type=&#8221;row&#8221; use_row_as_full_screen_section=&#8221;no&#8221; type=&#8221;full_width&#8221; angled_section=&#8221;no&#8221; text_align=&#8221;left&#8221; background_image_as_pattern=&#8221;without_pattern&#8221; css_animation=&#8221;&#8221;][vc_column width=&#8221;1\/4&#8243;][vc_single_image image=&#8221;98&#8243; img_size=&#8221;medium&#8221; alignment=&#8221;right&#8221; style=&#8221;vc_box_rounded&#8221; qode_css_animation=&#8221;&#8221;][\/vc_column][vc_column width=&#8221;3\/4&#8243;][vc_column_text]Le v\u00e9hicule en question \u00e9tant con\u00e7u en ce d\u00e9but des ann\u00e9es 80 sur une base de TALBOT SIMCA SOLARA . MATRA le proposa tout naturellement \u00e0 PEUGEOT, le nouveau propri\u00e9taire de TALBOT SIMCA. Celui-ci refusant de commercialiser un tel v\u00e9hicule. MATRA le proposa alors \u00e0 RENAULT qui lui accepta, \u00e0 condition que ce nouveau v\u00e9hicule produit \u00e0 ROMORANTIN chez MATRA reprenne une plate forme et des moteurs RENAULT, et qu\u2019il soit vendu sous la marque RENAULT. MATRA accepta, mais cela entrainera illico la fin des accords avec TALBOT SIMCA et la fin des petites voitures de sports MATRA.<br \/>\n[\/vc_column_text][\/vc_column][\/vc_row][vc_row row_type=&#8221;row&#8221; use_row_as_full_screen_section=&#8221;no&#8221; type=&#8221;full_width&#8221; angled_section=&#8221;no&#8221; text_align=&#8221;left&#8221; background_image_as_pattern=&#8221;without_pattern&#8221; css_animation=&#8221;&#8221;][vc_column][vc_separator type=&#8221;normal&#8221; up=&#8221;10&#8243; down=&#8221;10&#8243;][\/vc_column][\/vc_row][vc_row row_type=&#8221;row&#8221; use_row_as_full_screen_section=&#8221;no&#8221; type=&#8221;full_width&#8221; angled_section=&#8221;no&#8221; text_align=&#8221;left&#8221; background_image_as_pattern=&#8221;without_pattern&#8221; css_animation=&#8221;&#8221;][vc_column width=&#8221;1\/4&#8243;][vc_single_image image=&#8221;97&#8243; img_size=&#8221;medium&#8221; alignment=&#8221;right&#8221; style=&#8221;vc_box_rounded&#8221; qode_css_animation=&#8221;&#8221;][\/vc_column][vc_column width=&#8221;3\/4&#8243;][vc_column_text]C\u2019est ainsi que naquit en 1984 le RENAULT ESPACE, qui fut le premier monospace europ\u00e9en, et dont le succ\u00e8s ne s\u2019est jamais d\u00e9menti depuis plus de 8000.000 exemplaires produits \u00e0 ce jour et qui a inspir\u00e9 tous les autres constructeurs. En 1999, MATRA lance un nouveau concept, le coup\u00e9 monospace, qui prend la forme d\u2019un gros coup\u00e9 deux portes bas\u00e9 sur l\u2019ESPACE et baptis\u00e9 AVANTIME.<br \/>\n[\/vc_column_text][\/vc_column][\/vc_row]<\/p>\n","protected":false},"excerpt":{"rendered":"<p>[vc_row row_type=&#8221;row&#8221; use_row_as_full_screen_section=&#8221;no&#8221; type=&#8221;full_width&#8221; angled_section=&#8221;no&#8221; text_align=&#8221;left&#8221; background_image_as_pattern=&#8221;without_pattern&#8221; css_animation=&#8221;&#8221;][vc_column width=&#8221;1\/4&#8243;][vc_single_image image=&#8221;104&#8243; img_size=&#8221;medium&#8221; alignment=&#8221;right&#8221; style=&#8221;vc_box_rounded&#8221; qode_css_animation=&#8221;&#8221;][\/vc_column][vc_column width=&#8221;3\/4&#8243;][vc_column_text] Un petit peu de nostalgie Sp\u00e9cialis\u00e9 dans le monde de l\u2019armement, la firme MATRA s\u2019int\u00e9ressera \u00e0 l\u2019automobile en 1964, au moment de la disparition du dernier constructeur fran\u00e7ais de prestige,&#8230;<\/p>\n","protected":false},"author":1,"featured_media":0,"parent":0,"menu_order":0,"comment_status":"closed","ping_status":"closed","template":"","meta":[],"_links":{"self":[{"href":"https:\/\/matrabelgianclub.be\/fr\/wp-json\/wp\/v2\/pages\/14"}],"collection":[{"href":"https:\/\/matrabelgianclub.be\/fr\/wp-json\/wp\/v2\/pages"}],"about":[{"href":"https:\/\/matrabelgianclub.be\/fr\/wp-json\/wp\/v2\/types\/page"}],"author":[{"embeddable":true,"href":"https:\/\/matrabelgianclub.be\/fr\/wp-json\/wp\/v2\/users\/1"}],"replies":[{"embeddable":true,"href":"https:\/\/matrabelgianclub.be\/fr\/wp-json\/wp\/v2\/comments?post=14"}],"version-history":[{"count":8,"href":"https:\/\/matrabelgianclub.be\/fr\/wp-json\/wp\/v2\/pages\/14\/revisions"}],"predecessor-version":[{"id":111,"href":"https:\/\/matrabelgianclub.be\/fr\/wp-json\/wp\/v2\/pages\/14\/revisions\/111"}],"wp:attachment":[{"href":"https:\/\/matrabelgianclub.be\/fr\/wp-json\/wp\/v2\/media?parent=14"}],"curies":[{"name":"wp","href":"https:\/\/api.w.org\/{rel}","templated":true}]}}